{"id":506,"date":"2025-08-14T08:50:33","date_gmt":"2025-08-14T11:50:33","guid":{"rendered":"https:\/\/www.iwgts.fea.usp.br\/services\/"},"modified":"2026-04-03T22:35:11","modified_gmt":"2026-04-04T01:35:11","slug":"committees","status":"publish","type":"page","link":"https:\/\/www.iwgtea.fea.usp.br\/site1\/committees\/","title":{"rendered":"Committees"},"content":{"rendered":"\t\t<div data-elementor-type=\"wp-post\" data-elementor-id=\"506\" class=\"elementor elementor-506\">\n\t\t\t\t<div class=\"elementor-element elementor-element-627553f e-flex e-con-boxed e-con e-parent\" data-id=\"627553f\" data-element_type=\"container\" data-e-type=\"container\" data-settings=\"{&quot;background_background&quot;:&quot;classic&quot;}\">\n\t\t\t\t\t<div class=\"e-con-inner\">\n\t\t<div class=\"elementor-element elementor-element-422be9b e-con-full e-flex e-con e-child\" data-id=\"422be9b\" data-element_type=\"container\" data-e-type=\"container\">\n\t\t\t\t<div class=\"elementor-element elementor-element-e4b4478 elementor-widget elementor-widget-heading\" data-id=\"e4b4478\" data-element_type=\"widget\" data-e-type=\"widget\" data-widget_type=\"heading.default\">\n\t\t\t\t<div class=\"elementor-widget-container\">\n\t\t\t\t\t<h1 class=\"elementor-heading-title elementor-size-default\">Committees<\/h1>\t\t\t\t<\/div>\n\t\t\t\t<\/div>\n\t\t\t\t<\/div>\n\t\t\t\t\t<\/div>\n\t\t\t\t<\/div>\n\t\t<div class=\"elementor-element elementor-element-ad9132b e-flex e-con-boxed e-con e-parent\" data-id=\"ad9132b\" data-element_type=\"container\" data-e-type=\"container\" data-settings=\"{&quot;background_background&quot;:&quot;classic&quot;}\">\n\t\t\t\t\t<div class=\"e-con-inner\">\n\t\t<div class=\"elementor-element elementor-element-df3dbbe e-con-full e-flex e-con e-child\" data-id=\"df3dbbe\" data-element_type=\"container\" data-e-type=\"container\">\n\t\t<div class=\"elementor-element elementor-element-2c74636 e-con-full e-flex e-con e-child\" data-id=\"2c74636\" data-element_type=\"container\" data-e-type=\"container\" data-settings=\"{&quot;background_background&quot;:&quot;classic&quot;}\">\n\t\t<div class=\"elementor-element elementor-element-5ef6334 e-con-full e-flex e-con e-child\" data-id=\"5ef6334\" data-element_type=\"container\" data-e-type=\"container\">\n\t\t\t\t<div class=\"elementor-element elementor-element-44c0609 elementor-widget elementor-widget-heading\" data-id=\"44c0609\" data-element_type=\"widget\" data-e-type=\"widget\" data-widget_type=\"heading.default\">\n\t\t\t\t<div class=\"elementor-widget-container\">\n\t\t\t\t\t<h5 class=\"elementor-heading-title elementor-size-default\">Local Organizing Committee<\/h5>\t\t\t\t<\/div>\n\t\t\t\t<\/div>\n\t\t\t\t<div class=\"elementor-element elementor-element-b22ebf1 elementor-widget elementor-widget-text-editor\" data-id=\"b22ebf1\" data-element_type=\"widget\" data-e-type=\"widget\" data-widget_type=\"text-editor.default\">\n\t\t\t\t<div class=\"elementor-widget-container\">\n\t\t\t\t\t\t\t\t\t<p><a href=\"https:\/\/sites.google.com\/site\/raphaelcorbi\/\"><b>Raphael Corbi<\/b><\/a>, University of S\u00e3o Paulo<\/p><p><a href=\"https:\/\/sites.google.com\/view\/marildasotomayor\"><strong>Marilda Sotomayor<\/strong><\/a>, University of S\u00e3o Paulo<\/p><p><strong><a href=\"https:\/\/sites.google.com\/site\/wilfredoflmaldonado\/\">Wilfredo Maldonado<\/a><\/strong>, University of S\u00e3o Paulo<\/p>\t\t\t\t\t\t\t\t<\/div>\n\t\t\t\t<\/div>\n\t\t\t\t<\/div>\n\t\t<div class=\"elementor-element elementor-element-4d91fe6 e-con-full e-flex e-con e-child\" data-id=\"4d91fe6\" data-element_type=\"container\" data-e-type=\"container\">\n\t\t\t\t<div class=\"elementor-element elementor-element-51222ef elementor-widget elementor-widget-heading\" data-id=\"51222ef\" data-element_type=\"widget\" data-e-type=\"widget\" data-widget_type=\"heading.default\">\n\t\t\t\t<div class=\"elementor-widget-container\">\n\t\t\t\t\t<h5 class=\"elementor-heading-title elementor-size-default\">Scientific Organizing Committee<\/h5>\t\t\t\t<\/div>\n\t\t\t\t<\/div>\n\t\t\t\t<div class=\"elementor-element elementor-element-d60eaa6 elementor-widget elementor-widget-text-editor\" data-id=\"d60eaa6\" data-element_type=\"widget\" data-e-type=\"widget\" data-widget_type=\"text-editor.default\">\n\t\t\t\t<div class=\"elementor-widget-container\">\n\t\t\t\t\t\t\t\t\t<p><strong>Chair:<\/strong><\/p><p><a href=\"https:\/\/sites.google.com\/view\/marildasotomayor\"><strong>Marilda Sotomayor<\/strong><\/a>, University of S\u00e3o Paulo<\/p><p><strong>Co-organizers:<\/strong><\/p><p><strong><a href=\"https:\/\/bugarinmauricio.com\/\">Maur\u00edcio Bugarin<\/a><\/strong>, University of Brasilia<\/p><p><strong><a href=\"https:\/\/sites.google.com\/site\/wilfredoflmaldonado\/\">Wilfredo Maldonado<\/a><\/strong>, University of S\u00e3o Paulo<\/p>\t\t\t\t\t\t\t\t<\/div>\n\t\t\t\t<\/div>\n\t\t\t\t<\/div>\n\t\t\t\t<\/div>\n\t\t<div class=\"elementor-element elementor-element-70db6be e-con-full e-flex e-con e-child\" data-id=\"70db6be\" data-element_type=\"container\" data-e-type=\"container\" data-settings=\"{&quot;background_background&quot;:&quot;classic&quot;}\">\n\t\t<div class=\"elementor-element elementor-element-fec18e4 e-con-full e-flex e-con e-child\" data-id=\"fec18e4\" data-element_type=\"container\" data-e-type=\"container\">\n\t\t\t\t<div class=\"elementor-element elementor-element-75999b5 elementor-widget elementor-widget-heading\" data-id=\"75999b5\" data-element_type=\"widget\" data-e-type=\"widget\" data-widget_type=\"heading.default\">\n\t\t\t\t<div class=\"elementor-widget-container\">\n\t\t\t\t\t<h5 class=\"elementor-heading-title elementor-size-default\">Scientific Program Committee<\/h5>\t\t\t\t<\/div>\n\t\t\t\t<\/div>\n\t\t\t\t<\/div>\n\t\t<div class=\"elementor-element elementor-element-a3b66ad e-grid e-con-full e-con e-child\" data-id=\"a3b66ad\" data-element_type=\"container\" data-e-type=\"container\">\n\t\t\t\t<div class=\"elementor-element elementor-element-2d6b1e7 elementor-widget elementor-widget-text-editor\" data-id=\"2d6b1e7\" data-element_type=\"widget\" data-e-type=\"widget\" data-widget_type=\"text-editor.default\">\n\t\t\t\t<div class=\"elementor-widget-container\">\n\t\t\t\t\t\t\t\t\t<p><a href=\"https:\/\/gametheorygroupimasl.weebly.com\/alejandro-neme.html\"><strong>Alejandro Neme<\/strong><\/a>, Universidad Nacional de San Luis.<\/p><ul><li><strong>Areas of Expertise:<\/strong> Matching models.<\/li><\/ul><p><a href=\"https:\/\/www.kellogg.northwestern.edu\/faculty\/directory\/sandroni_alvaro\/\"><strong>\u00c1lvaro Sandroni<\/strong><\/a>, Northwestern University.<\/p><ul><li><strong>Areas of Expertise: <\/strong>Principal-agent models, Decision theory, Game theory and bounded rationality, Strategic forecasting, Game theory and law.<\/li><\/ul><p><a href=\"https:\/\/www.uv.es\/urbano\/\"><strong>Amparo Urbano<\/strong><\/a>, Universidad de Valencia.<\/p><ul><li><strong>Areas of Expertise:<\/strong> Incentives and mechanism design, and applications of game theory (industrial organization).<\/li><\/ul><p><a href=\"https:\/\/www.gla.ac.uk\/schools\/business\/staff\/annbogomolnaia\/\"><strong>Anna Bogomolnaia<\/strong><\/a>, University of Glasgow.<\/p><ul><li><strong>Areas of Expertise:<\/strong> Assignment\/Matching, Preferences Aggregation, Social Choice, Voting, Fair Division, Mechanism Design, Coalition Formation, Cooperative Games.<\/li><\/ul><p><a href=\"https:\/\/www.lse.ac.uk\/Mathematics\/people\/Bernhard-Von-Stengel\"><strong>Bernhard Von Stengel<\/strong><\/a>, London School of Economics.<\/p><ul><li><strong>Areas of Expertise:<\/strong> Nash Equilibria and Algorithmic Game Theory.<\/li><\/ul>\t\t\t\t\t\t\t\t<\/div>\n\t\t\t\t<\/div>\n\t\t\t\t<div class=\"elementor-element elementor-element-0815c07 elementor-widget elementor-widget-text-editor\" data-id=\"0815c07\" data-element_type=\"widget\" data-e-type=\"widget\" data-widget_type=\"text-editor.default\">\n\t\t\t\t<div class=\"elementor-widget-container\">\n\t\t\t\t\t\t\t\t\t<p><strong><a href=\"https:\/\/search.asu.edu\/profile\/3062538\">Brian Powers<\/a><\/strong>, Arizona State University.<\/p><ul><li><strong>Areas of Expertise:<\/strong> Stochastic Games, Arbitration and negotiation.<\/li><\/ul><p><a href=\"https:\/\/www.davidperezcastrillo.com\/\"><strong>David P\u00e9rez-Castrillo<\/strong><\/a>, Universitat Aut\u00f2noma de Barcelona.<\/p><ul><li><strong>Areas of Expertise:<\/strong> Matching, Implementation, Mechanism Design, Values in Cooperative Game Theory, Economics of Information, Industrial Organization.<\/li><\/ul><p><a href=\"https:\/\/vtconferenciantes.com\/federico-valenciano\/\"><strong>Federico Valenciano<\/strong><\/a>, Universidad del Pa\u00eds Vasco.<\/p><ul><li><strong>Areas of Expertise:<\/strong> Economic networks.<\/li><\/ul><p><a href=\"https:\/\/www.parisschoolofeconomics.eu\/personnes\/gabrielle-demange\/\"><strong>Gabrielle Demange<\/strong><\/a>, Paris School of Economics.<\/p><ul><li><strong>Areas of Expertise:<\/strong> Network theory and cooperative games.<\/li><\/ul><p><a href=\"https:\/\/www.gla.ac.uk\/schools\/business\/staff\/hervemoulin\/\"><strong>Herv\u00e9 Moulin<\/strong><\/a>, University of Glasgow.<\/p><ul><li><strong>Areas of Expertise:<\/strong> Fair Division, Social Choice, Cooperative games.<\/li><\/ul><p><a href=\"https:\/\/epge.fgv.br\/pt\/professor\/humberto-moreira\"><strong>Humberto Moreira<\/strong><\/a>, Funda\u00e7\u00e3o Get\u00falio Vargas (FGV).<\/p><ul><li><strong>Areas of Expertise:<\/strong> Information Economics and Contract Theory.<\/li><\/ul>\t\t\t\t\t\t\t\t<\/div>\n\t\t\t\t<\/div>\n\t\t\t\t<div class=\"elementor-element elementor-element-82864df elementor-widget elementor-widget-text-editor\" data-id=\"82864df\" data-element_type=\"widget\" data-e-type=\"widget\" data-widget_type=\"text-editor.default\">\n\t\t\t\t<div class=\"elementor-widget-container\">\n\t\t\t\t\t\t\t\t\t<div><strong><a href=\"https:\/\/www.inesmachostadler.com\/\">In\u00e9s Macho-Stadler<\/a><\/strong>, Barcelona School of Ecnomics.<\/div><ul><li><strong>Areas of Expertise: <\/strong>Economics of Information, Industrial Organization, Applied Game Theory<\/li><\/ul><p><a href=\"https:\/\/lsa.umich.edu\/econ\/alumni-friends\/economics-leadership-council--elc-\/joel-sobel.html\"><strong>Joel Sobel<\/strong><\/a>, University of California, San Diego.<\/p><ul><li><strong>Areas of Expertise:<\/strong> Information economics.<\/li><\/ul><p><strong><a href=\"https:\/\/sites.google.com\/view\/jorgeoviedo\/inicio\">Jorge Oviedo<\/a>, <\/strong>Universidad Nacional de San Luis.<\/p><ul><li><strong>Areas of Expertise:<\/strong> Matching models.<\/li><\/ul><p><a href=\"https:\/\/webgrec.ub.edu\/webpages\/personal\/ang\/000507_mnunez.ub.edu.html\"><strong>Marina Nu\u00f1ez<\/strong><\/a>, Universitat de Barcelona.<\/p><ul><li><strong>Areas of Expertise:<\/strong> Cooperative games, assignment problems and market design.<\/li><\/ul><p><a href=\"https:\/\/sites.google.com\/site\/mrossfernandes\/\"><strong>Marcos Ross<\/strong><\/a>, University of S\u00e3o Paulo.<\/p><ul><li><strong>Areas of Expertise:<\/strong> Social and Economic Networks, Political Economy.<\/li><\/ul><p><a href=\"https:\/\/bugarinmauricio.com\/\"><strong>Maur\u00edcio Bugarin<\/strong><\/a>, University of Bras\u00edlia (UnB).<\/p><ul><li><strong>Areas of Expertise:<\/strong> Economic models of political processes, Auctions and mechanism design, Social choice, Information economics, Law and Economics.<\/li><\/ul>\t\t\t\t\t\t\t\t<\/div>\n\t\t\t\t<\/div>\n\t\t\t\t<div class=\"elementor-element elementor-element-93f262a elementor-widget elementor-widget-text-editor\" data-id=\"93f262a\" data-element_type=\"widget\" data-e-type=\"widget\" data-widget_type=\"text-editor.default\">\n\t\t\t\t<div class=\"elementor-widget-container\">\n\t\t\t\t\t\t\t\t\t<p><a href=\"http:\/\/gossner.me\/\"><strong>Olivier Gossner<\/strong><\/a>, London School of Economics (LSE).<\/p><ul><li><strong>Areas of Expertise:<\/strong> Information economics.<\/li><\/ul><p><a href=\"https:\/\/tippie.uiowa.edu\/people\/rabah-amir\"><strong>Rabah Amir<\/strong><\/a>, University of Iowa.<\/p><ul><li><strong>Areas of Expertise:<\/strong> Supermodular games, oligopoly games, applications of game theory to economics.<\/li><\/ul><p><a href=\"https:\/\/econ.la.psu.edu\/people\/vxk5\/\"><strong>Vijay Krishna<\/strong><\/a>, Pennsylvania State University.<\/p><ul><li><strong>Areas of Expertise:<\/strong> Auctions and repeated games.<\/li><\/ul><p><a href=\"https:\/\/sites.google.com\/site\/wilfredoflmaldonado\/\"><strong>Wilfredo Maldonado<\/strong><\/a>, Universidade de S\u00e3o Paulo.<\/p><ul><li><strong>Areas of Expertise:<\/strong> Public goods, Mechanism design, Industrial organization.<\/li><\/ul>\t\t\t\t\t\t\t\t<\/div>\n\t\t\t\t<\/div>\n\t\t\t\t<\/div>\n\t\t\t\t<\/div>\n\t\t\t\t<\/div>\n\t\t\t\t\t<\/div>\n\t\t\t\t<\/div>\n\t\t<div class=\"elementor-element elementor-element-0e9afa2 e-flex e-con-boxed e-con e-parent\" data-id=\"0e9afa2\" data-element_type=\"container\" data-e-type=\"container\" data-settings=\"{&quot;background_background&quot;:&quot;classic&quot;}\">\n\t\t\t\t\t<div class=\"e-con-inner\">\n\t\t\t\t<div class=\"elementor-element elementor-element-6151496 elementor-widget-divider--view-line elementor-widget elementor-widget-divider\" data-id=\"6151496\" data-element_type=\"widget\" data-e-type=\"widget\" data-widget_type=\"divider.default\">\n\t\t\t\t<div class=\"elementor-widget-container\">\n\t\t\t\t\t\t\t<div class=\"elementor-divider\">\n\t\t\t<span class=\"elementor-divider-separator\">\n\t\t\t\t\t\t<\/span>\n\t\t<\/div>\n\t\t\t\t\t\t<\/div>\n\t\t\t\t<\/div>\n\t\t<div class=\"elementor-element elementor-element-094290c e-con-full e-flex e-con e-child\" data-id=\"094290c\" data-element_type=\"container\" data-e-type=\"container\">\n\t\t<div class=\"elementor-element elementor-element-c5574f5 e-con-full e-flex e-con e-child\" data-id=\"c5574f5\" data-element_type=\"container\" data-e-type=\"container\">\n\t\t\t\t<div class=\"elementor-element elementor-element-29ff4dc elementor-widget elementor-widget-heading\" data-id=\"29ff4dc\" data-element_type=\"widget\" data-e-type=\"widget\" data-widget_type=\"heading.default\">\n\t\t\t\t<div class=\"elementor-widget-container\">\n\t\t\t\t\t<h5 class=\"elementor-heading-title elementor-size-default\">About The IWGTS 2014...<\/h5>\t\t\t\t<\/div>\n\t\t\t\t<\/div>\n\t\t\t\t<div class=\"elementor-element elementor-element-fe46782 elementor-widget elementor-widget-heading\" data-id=\"fe46782\" data-element_type=\"widget\" data-e-type=\"widget\" data-widget_type=\"heading.default\">\n\t\t\t\t<div class=\"elementor-widget-container\">\n\t\t\t\t\t<h2 class=\"elementor-heading-title elementor-size-default\">A Glimpse of Our History<\/h2>\t\t\t\t<\/div>\n\t\t\t\t<\/div>\n\t\t\t\t<\/div>\n\t\t<div class=\"elementor-element elementor-element-b3136ac e-con-full e-flex e-con e-child\" data-id=\"b3136ac\" data-element_type=\"container\" data-e-type=\"container\">\n\t\t\t\t<div class=\"elementor-element elementor-element-992bfba elementor-widget elementor-widget-counter\" data-id=\"992bfba\" data-element_type=\"widget\" data-e-type=\"widget\" data-widget_type=\"counter.default\">\n\t\t\t\t<div class=\"elementor-widget-container\">\n\t\t\t\t\t\t\t<div class=\"elementor-counter\">\n\t\t\t\t\t\t<div class=\"elementor-counter-number-wrapper\">\n\t\t\t\t<span class=\"elementor-counter-number-prefix\"><\/span>\n\t\t\t\t<span class=\"elementor-counter-number\" data-duration=\"2000\" data-to-value=\"50\" data-from-value=\"0\">0<\/span>\n\t\t\t\t<span class=\"elementor-counter-number-suffix\"><\/span>\n\t\t\t<\/div>\n\t\t<\/div>\n\t\t\t\t\t\t<\/div>\n\t\t\t\t<\/div>\n\t\t\t\t<div class=\"elementor-element elementor-element-4a6756c elementor-widget elementor-widget-heading\" data-id=\"4a6756c\" data-element_type=\"widget\" data-e-type=\"widget\" data-widget_type=\"heading.default\">\n\t\t\t\t<div class=\"elementor-widget-container\">\n\t\t\t\t\t<h2 class=\"elementor-heading-title elementor-size-default\">Scholars from Around the World<\/h2>\t\t\t\t<\/div>\n\t\t\t\t<\/div>\n\t\t\t\t<\/div>\n\t\t<div class=\"elementor-element elementor-element-eab1047 e-con-full e-flex e-con e-child\" data-id=\"eab1047\" data-element_type=\"container\" data-e-type=\"container\">\n\t\t\t\t<div class=\"elementor-element elementor-element-d191c8e elementor-widget elementor-widget-counter\" data-id=\"d191c8e\" data-element_type=\"widget\" data-e-type=\"widget\" data-widget_type=\"counter.default\">\n\t\t\t\t<div class=\"elementor-widget-container\">\n\t\t\t\t\t\t\t<div class=\"elementor-counter\">\n\t\t\t\t\t\t<div class=\"elementor-counter-number-wrapper\">\n\t\t\t\t<span class=\"elementor-counter-number-prefix\">+<\/span>\n\t\t\t\t<span class=\"elementor-counter-number\" data-duration=\"2000\" data-to-value=\"20\" data-from-value=\"0\">0<\/span>\n\t\t\t\t<span class=\"elementor-counter-number-suffix\"><\/span>\n\t\t\t<\/div>\n\t\t<\/div>\n\t\t\t\t\t\t<\/div>\n\t\t\t\t<\/div>\n\t\t\t\t<div class=\"elementor-element elementor-element-d739afd elementor-widget elementor-widget-heading\" data-id=\"d739afd\" data-element_type=\"widget\" data-e-type=\"widget\" data-widget_type=\"heading.default\">\n\t\t\t\t<div class=\"elementor-widget-container\">\n\t\t\t\t\t<h2 class=\"elementor-heading-title elementor-size-default\">Interdisciplinary Lecturers<\/h2>\t\t\t\t<\/div>\n\t\t\t\t<\/div>\n\t\t\t\t<\/div>\n\t\t<div class=\"elementor-element elementor-element-c838739 e-con-full e-flex e-con e-child\" data-id=\"c838739\" data-element_type=\"container\" data-e-type=\"container\">\n\t\t\t\t<div class=\"elementor-element elementor-element-b61a495 elementor-widget elementor-widget-counter\" data-id=\"b61a495\" data-element_type=\"widget\" data-e-type=\"widget\" data-widget_type=\"counter.default\">\n\t\t\t\t<div class=\"elementor-widget-container\">\n\t\t\t\t\t\t\t<div class=\"elementor-counter\">\n\t\t\t\t\t\t<div class=\"elementor-counter-number-wrapper\">\n\t\t\t\t<span class=\"elementor-counter-number-prefix\"><\/span>\n\t\t\t\t<span class=\"elementor-counter-number\" data-duration=\"2000\" data-to-value=\"300\" data-from-value=\"0\">0<\/span>\n\t\t\t\t<span class=\"elementor-counter-number-suffix\"><\/span>\n\t\t\t<\/div>\n\t\t<\/div>\n\t\t\t\t\t\t<\/div>\n\t\t\t\t<\/div>\n\t\t\t\t<div class=\"elementor-element elementor-element-d1777d5 elementor-widget elementor-widget-heading\" data-id=\"d1777d5\" data-element_type=\"widget\" data-e-type=\"widget\" data-widget_type=\"heading.default\">\n\t\t\t\t<div class=\"elementor-widget-container\">\n\t\t\t\t\t<h2 class=\"elementor-heading-title elementor-size-default\">Engaged Attendees<\/h2>\t\t\t\t<\/div>\n\t\t\t\t<\/div>\n\t\t\t\t<\/div>\n\t\t\t\t<div class=\"elementor-element elementor-element-b9a029b elementor-widget-divider--view-line elementor-widget elementor-widget-divider\" data-id=\"b9a029b\" data-element_type=\"widget\" data-e-type=\"widget\" data-widget_type=\"divider.default\">\n\t\t\t\t<div class=\"elementor-widget-container\">\n\t\t\t\t\t\t\t<div class=\"elementor-divider\">\n\t\t\t<span class=\"elementor-divider-separator\">\n\t\t\t\t\t\t<\/span>\n\t\t<\/div>\n\t\t\t\t\t\t<\/div>\n\t\t\t\t<\/div>\n\t\t\t\t<\/div>\n\t\t\t\t<div class=\"elementor-element elementor-element-32141ab elementor-widget-divider--view-line elementor-widget elementor-widget-divider\" data-id=\"32141ab\" data-element_type=\"widget\" data-e-type=\"widget\" data-widget_type=\"divider.default\">\n\t\t\t\t<div class=\"elementor-widget-container\">\n\t\t\t\t\t\t\t<div class=\"elementor-divider\">\n\t\t\t<span class=\"elementor-divider-separator\">\n\t\t\t\t\t\t<\/span>\n\t\t<\/div>\n\t\t\t\t\t\t<\/div>\n\t\t\t\t<\/div>\n\t\t\t\t\t<\/div>\n\t\t\t\t<\/div>\n\t\t\t\t<\/div>\n\t\t","protected":false},"excerpt":{"rendered":"<p>Committees Local Organizing Committee Raphael Corbi, University of S\u00e3o Paulo Marilda Sotomayor, University of S\u00e3o Paulo Wilfredo Maldonado, University of S\u00e3o Paulo Scientific Organizing Committee Chair: Marilda Sotomayor, University of S\u00e3o Paulo Co-organizers: Maur\u00edcio Bugarin, University of Brasilia Wilfredo Maldonado, University of S\u00e3o Paulo Scientific Program Committee Alejandro Neme, Universidad Nacional de San Luis. Areas [&hellip;]<\/p>\n","protected":false},"author":2,"featured_media":0,"parent":0,"menu_order":0,"comment_status":"closed","ping_status":"closed","template":"","meta":{"site-sidebar-layout":"no-sidebar","site-content-layout":"page-builder","ast-site-content-layout":"full-width-container","site-content-style":"unboxed","site-sidebar-style":"unboxed","ast-global-header-display":"","ast-banner-title-visibility":"","ast-main-header-display":"","ast-hfb-above-header-display":"","ast-hfb-below-header-display":"","ast-hfb-mobile-header-display":"","site-post-title":"disabled","ast-breadcrumbs-content":"","ast-featured-img":"disabled","footer-sml-layout":"","theme-transparent-header-meta":"enabled","adv-header-id-meta":"","stick-header-meta":"","header-above-stick-meta":"","header-main-stick-meta":"","header-below-stick-meta":"","astra-migrate-meta-layouts":"set","ast-page-background-enabled":"default","ast-page-background-meta":{"desktop":{"background-color":"","background-image":"","background-repeat":"repeat","background-position":"center center","background-size":"auto","background-attachment":"scroll","background-type":"","background-media":"","overlay-type":"","overlay-color":"","overlay-opacity":"","overlay-gradient":""},"tablet":{"background-color":"","background-image":"","background-repeat":"repeat","background-position":"center center","background-size":"auto","background-attachment":"scroll","background-type":"","background-media":"","overlay-type":"","overlay-color":"","overlay-opacity":"","overlay-gradient":""},"mobile":{"background-color":"","background-image":"","background-repeat":"repeat","background-position":"center center","background-size":"auto","background-attachment":"scroll","background-type":"","background-media":"","overlay-type":"","overlay-color":"","overlay-opacity":"","overlay-gradient":""}},"ast-content-background-meta":{"desktop":{"background-color":"var(--ast-global-color-5)","background-image":"","background-repeat":"repeat","background-position":"center center","background-size":"auto","background-attachment":"scroll","background-type":"","background-media":"","overlay-type":"","overlay-color":"","overlay-opacity":"","overlay-gradient":""},"tablet":{"background-color":"var(--ast-global-color-5)","background-image":"","background-repeat":"repeat","background-position":"center center","background-size":"auto","background-attachment":"scroll","background-type":"","background-media":"","overlay-type":"","overlay-color":"","overlay-opacity":"","overlay-gradient":""},"mobile":{"background-color":"var(--ast-global-color-5)","background-image":"","background-repeat":"repeat","background-position":"center center","background-size":"auto","background-attachment":"scroll","background-type":"","background-media":"","overlay-type":"","overlay-color":"","overlay-opacity":"","overlay-gradient":""}},"footnotes":""},"class_list":["post-506","page","type-page","status-publish","hentry"],"_links":{"self":[{"href":"https:\/\/www.iwgtea.fea.usp.br\/site1\/wp-json\/wp\/v2\/pages\/506","targetHints":{"allow":["GET"]}}],"collection":[{"href":"https:\/\/www.iwgtea.fea.usp.br\/site1\/wp-json\/wp\/v2\/pages"}],"about":[{"href":"https:\/\/www.iwgtea.fea.usp.br\/site1\/wp-json\/wp\/v2\/types\/page"}],"author":[{"embeddable":true,"href":"https:\/\/www.iwgtea.fea.usp.br\/site1\/wp-json\/wp\/v2\/users\/2"}],"replies":[{"embeddable":true,"href":"https:\/\/www.iwgtea.fea.usp.br\/site1\/wp-json\/wp\/v2\/comments?post=506"}],"version-history":[{"count":43,"href":"https:\/\/www.iwgtea.fea.usp.br\/site1\/wp-json\/wp\/v2\/pages\/506\/revisions"}],"predecessor-version":[{"id":1888,"href":"https:\/\/www.iwgtea.fea.usp.br\/site1\/wp-json\/wp\/v2\/pages\/506\/revisions\/1888"}],"wp:attachment":[{"href":"https:\/\/www.iwgtea.fea.usp.br\/site1\/wp-json\/wp\/v2\/media?parent=506"}],"curies":[{"name":"wp","href":"https:\/\/api.w.org\/{rel}","templated":true}]}}